{"id":5626,"date":"2026-01-26T12:52:33","date_gmt":"2026-01-26T15:52:33","guid":{"rendered":"https:\/\/metodistacentral.com.br\/hope\/?post_type=product&#038;p=5626"},"modified":"2026-04-01T21:43:09","modified_gmt":"2026-04-02T00:43:09","slug":"hope-2026-kids","status":"publish","type":"product","link":"https:\/\/metodistacentral.com.br\/hope\/produto\/hope-2026-kids\/","title":{"rendered":"HOPE 2026 KIDS"},"content":{"rendered":"<p><strong>Lote \u00fanico<\/strong><\/p>\n<p>*Adquira o seu ingresso <strong>HOPE KIDS<\/strong> para sua crian\u00e7a de 4 \u00e0 11 anos!<\/p>\n<p>0 \u00e0 3 anos &#8211; BER\u00c7\u00c1RIO<br \/>\n4 \u00e0 11 anos &#8211; TEREMOS E PAGA<\/p>\n","protected":false},"excerpt":{"rendered":"<p>Lote \u00fanico *Adquira o seu ingresso HOPE KIDS para sua crian\u00e7a de 4 \u00e0 11 anos! 0 \u00e0 3 anos &#8211; BER\u00c7\u00c1RIO 4 \u00e0 11 anos &#8211; TEREMOS E PAGA<\/p>\n","protected":false},"featured_media":5627,"template":"","meta":{"inline_featured_image":false,"site-sidebar-layout":"default","site-content-layout":"default","ast-site-content-layout":"default","site-content-style":"default","site-sidebar-style":"default","ast-global-header-display":"","ast-banner-title-visibility":"","ast-main-header-display":"","ast-hfb-above-header-display":"","ast-hfb-below-header-display":"","ast-hfb-mobile-header-display":"","site-post-title":"","ast-breadcrumbs-content":"","ast-featured-img":"","footer-sml-layout":"","theme-transparent-header-meta":"default","adv-header-id-meta":"","stick-header-meta":"","header-above-stick-meta":"","header-main-stick-meta":"","header-below-stick-meta":"","astra-migrate-meta-layouts":"set","ast-page-background-enabled":"default","ast-page-background-meta":{"desktop":{"background-color":"var(--ast-global-color-4)","background-image":"","background-repeat":"repeat","background-position":"center center","background-size":"auto","background-attachment":"scroll","background-type":"","background-media":"","overlay-type":"","overlay-color":"","overlay-gradient":""},"tablet":{"background-color":"","background-image":"","background-repeat":"repeat","background-position":"center center","background-size":"auto","background-attachment":"scroll","background-type":"","background-media":"","overlay-type":"","overlay-color":"","overlay-gradient":""},"mobile":{"background-color":"","background-image":"","background-repeat":"repeat","background-position":"center center","background-size":"auto","background-attachment":"scroll","background-type":"","background-media":"","overlay-type":"","overlay-color":"","overlay-gradient":""}},"ast-content-background-meta":{"desktop":{"background-color":"var(--ast-global-color-5)","background-image":"","background-repeat":"repeat","background-position":"center center","background-size":"auto","background-attachment":"scroll","background-type":"","background-media":"","overlay-type":"","overlay-color":"","overlay-gradient":""},"tablet":{"background-color":"var(--ast-global-color-5)","background-image":"","background-repeat":"repeat","background-position":"center center","background-size":"auto","background-attachment":"scroll","background-type":"","background-media":"","overlay-type":"","overlay-color":"","overlay-gradient":""},"mobile":{"background-color":"var(--ast-global-color-5)","background-image":"","background-repeat":"repeat","background-position":"center center","background-size":"auto","background-attachment":"scroll","background-type":"","background-media":"","overlay-type":"","overlay-color":"","overlay-gradient":""}}},"product_brand":[],"product_cat":[20],"product_tag":[],"class_list":{"0":"post-5626","1":"product","2":"type-product","3":"status-publish","4":"has-post-thumbnail","6":"product_cat-sem-categoria","7":"desktop-align-left","8":"tablet-align-left","9":"mobile-align-left","11":"first","12":"instock","13":"shipping-taxable","14":"purchasable","15":"product-type-simple"},"_links":{"self":[{"href":"https:\/\/metodistacentral.com.br\/hope\/wp-json\/wp\/v2\/product\/5626","targetHints":{"allow":["GET"]}}],"collection":[{"href":"https:\/\/metodistacentral.com.br\/hope\/wp-json\/wp\/v2\/product"}],"about":[{"href":"https:\/\/metodistacentral.com.br\/hope\/wp-json\/wp\/v2\/types\/product"}],"wp:featuredmedia":[{"embeddable":true,"href":"https:\/\/metodistacentral.com.br\/hope\/wp-json\/wp\/v2\/media\/5627"}],"wp:attachment":[{"href":"https:\/\/metodistacentral.com.br\/hope\/wp-json\/wp\/v2\/media?parent=5626"}],"wp:term":[{"taxonomy":"product_brand","embeddable":true,"href":"https:\/\/metodistacentral.com.br\/hope\/wp-json\/wp\/v2\/product_brand?post=5626"},{"taxonomy":"product_cat","embeddable":true,"href":"https:\/\/metodistacentral.com.br\/hope\/wp-json\/wp\/v2\/product_cat?post=5626"},{"taxonomy":"product_tag","embeddable":true,"href":"https:\/\/metodistacentral.com.br\/hope\/wp-json\/wp\/v2\/product_tag?post=5626"}],"curies":[{"name":"wp","href":"https:\/\/api.w.org\/{rel}","templated":true}]}}